{"id":487,"date":"2019-10-07T16:41:35","date_gmt":"2019-10-07T14:41:35","guid":{"rendered":"https:\/\/ranson-canniere.be\/nos-produits\/petit-pain\/"},"modified":"2022-07-19T08:32:40","modified_gmt":"2022-07-19T06:32:40","slug":"petit-pain","status":"publish","type":"page","link":"https:\/\/ranson-canniere.be\/fr\/nos-produits\/petit-pain\/","title":{"rendered":"Petit pain"},"content":{"rendered":"<p><div class=\"fusion-fullwidth fullwidth-box fusion-builder-row-1 nonhundred-percent-fullwidth non-hundred-percent-height-scrolling\" style=\"--awb-border-radius-top-left:0px;--awb-border-radius-top-right:0px;--awb-border-radius-bottom-right:0px;--awb-border-radius-bottom-left:0px;--awb-padding-top:5%;--awb-padding-bottom:5%;--awb-margin-top:0px;--awb-margin-bottom:0px;--awb-background-color:#f1f1f1;--awb-flex-wrap:wrap;\" ><div class=\"fusion-builder-row fusion-row\"><div class=\"fusion-layout-column fusion_builder_column fusion-builder-column-0 fusion_builder_column_1_1 1_1 fusion-one-full fusion-column-first fusion-column-last\" style=\"--awb-bg-size:cover;\"><div class=\"fusion-column-wrapper fusion-column-has-shadow fusion-flex-column-wrapper-legacy\"><div class=\"fusion-text fusion-text-1\" style=\"--awb-text-transform:none;\"><h1>Grossiste en petits pains<\/h1>\n<h2 class=\"AGteaser\">Ranson-Canni\u00e8re, fournisseur sandwicherie en Belgique. Large assortiment en pistolets, pe-tits pains, bagels et encore plus.<\/h2>\n<div class=\"clearboth\"><\/div>\n<\/div><div class=\"fusion-clearfix\"><\/div><\/div><\/div><\/div><\/div><div class=\"fusion-fullwidth fullwidth-box fusion-builder-row-2 nonhundred-percent-fullwidth non-hundred-percent-height-scrolling\" style=\"--awb-border-radius-top-left:0px;--awb-border-radius-top-right:0px;--awb-border-radius-bottom-right:0px;--awb-border-radius-bottom-left:0px;--awb-padding-top:60px;--awb-padding-bottom:60px;--awb-background-color:#fbf7f0;--awb-flex-wrap:wrap;\" ><div class=\"fusion-builder-row fusion-row\"><div class=\"fusion-layout-column fusion_builder_column fusion-builder-column-1 fusion_builder_column_1_2 1_2 fusion-one-half fusion-column-first\" style=\"--awb-bg-size:cover;width:50%;width:calc(50% - ( ( 4% ) * 0.5 ) );margin-right: 4%;\"><div class=\"fusion-column-wrapper fusion-column-has-shadow fusion-flex-column-wrapper-legacy\"><div class=\"fusion-image-element in-legacy-container\" style=\"--awb-caption-title-font-family:var(--h2_typography-font-family);--awb-caption-title-font-weight:var(--h2_typography-font-weight);--awb-caption-title-font-style:var(--h2_typography-font-style);--awb-caption-title-size:var(--h2_typography-font-size);--awb-caption-title-transform:var(--h2_typography-text-transform);--awb-caption-title-line-height:var(--h2_typography-line-height);--awb-caption-title-letter-spacing:var(--h2_typography-letter-spacing);\"><span class=\" fusion-imageframe imageframe-none imageframe-1 hover-type-none\"><img decoding=\"async\" width=\"2000\" height=\"1500\" title=\"ranson_website_20180620_019\" src=\"https:\/\/ranson-canniere.be\/wp-content\/uploads\/2019\/09\/ranson_website_20180620_019.jpg\" alt class=\"img-responsive wp-image-417\" srcset=\"https:\/\/ranson-canniere.be\/wp-content\/uploads\/2019\/09\/ranson_website_20180620_019-200x150.jpg 200w, https:\/\/ranson-canniere.be\/wp-content\/uploads\/2019\/09\/ranson_website_20180620_019-400x300.jpg 400w, https:\/\/ranson-canniere.be\/wp-content\/uploads\/2019\/09\/ranson_website_20180620_019-600x450.jpg 600w, https:\/\/ranson-canniere.be\/wp-content\/uploads\/2019\/09\/ranson_website_20180620_019-800x600.jpg 800w, https:\/\/ranson-canniere.be\/wp-content\/uploads\/2019\/09\/ranson_website_20180620_019-1200x900.jpg 1200w, https:\/\/ranson-canniere.be\/wp-content\/uploads\/2019\/09\/ranson_website_20180620_019.jpg 2000w\" sizes=\"(max-width: 800px) 100vw, 600px\" \/><\/span><\/div><div class=\"fusion-clearfix\"><\/div><\/div><\/div><div class=\"fusion-layout-column fusion_builder_column fusion-builder-column-2 fusion_builder_column_1_2 1_2 fusion-one-half fusion-column-last\" style=\"--awb-bg-size:cover;width:50%;width:calc(50% - ( ( 4% ) * 0.5 ) );\"><div class=\"fusion-column-wrapper fusion-column-has-shadow fusion-flex-column-wrapper-legacy\"><div class=\"fusion-title title fusion-title-1 fusion-sep-none fusion-title-text fusion-title-size-two\" style=\"--awb-font-size:40px;\"><h2 class=\"fusion-title-heading title-heading-left\" style=\"margin:0;font-size:1em;\">Petit pains<\/h2><\/div><div class=\"fusion-text fusion-text-2\"><p>Notre assortiment de petits pains et pistolets s&rsquo;est consid\u00e9rablement \u00e9largi. Vous pouvez commander des sandwichs, des pistolets, des mini-pains et des petites baguettes. Bien que nos petits pains soient produits en grande quantit\u00e9, chaque produit est contr\u00f4l\u00e9 de fa\u00e7on minutieuse. Aucun d\u00e9tail ne nous \u00e9chappe afin de toujours vous livrer du pain artisanal d&rsquo;excellente qualit\u00e9. Jetez \u00e9galement un \u0153il \u00e0 notre gamme de produits de saison.<\/p>\n<\/div><div class=\"fusion-clearfix\"><\/div><\/div><\/div><\/div><\/div><div class=\"fusion-fullwidth fullwidth-box fusion-builder-row-3 fusion-parallax-none equal-three-columns usp-block nonhundred-percent-fullwidth hundred-percent-height hundred-percent-height-center-content non-hundred-percent-height-scrolling fusion-equal-height-columns\" style=\"--awb-border-radius-top-left:0px;--awb-border-radius-top-right:0px;--awb-border-radius-bottom-right:0px;--awb-border-radius-bottom-left:0px;--awb-background-image:url(&quot;https:\/\/ranson-canniere.be\/wp-content\/uploads\/2019\/09\/AdobeStock_84090869.jpg&quot;);--awb-background-size:cover;--awb-flex-wrap:wrap;\" ><div class=\"fusion-fullwidth-center-content\"><div class=\"fusion-builder-row fusion-row\"><div class=\"fusion-layout-column fusion_builder_column fusion-builder-column-3 fusion_builder_column_1_1 1_1 fusion-one-full fusion-column-first fusion-column-last fusion-column-no-min-height\" style=\"--awb-padding-top:40px;--awb-padding-bottom:40px;--awb-bg-size:cover;\"><div class=\"fusion-column-wrapper fusion-column-has-shadow fusion-flex-column-wrapper-legacy\"><div class=\"fusion-title title fusion-title-2 fusion-sep-none fusion-title-text fusion-title-size-three\" style=\"--awb-text-color:#ffffff;\"><h3 class=\"fusion-title-heading title-heading-left\" style=\"margin:0;\">Ranson-Canni\u00e8re fait la diff\u00e9rence<\/h3><\/div><div class=\"fusion-sep-clear\"><\/div><div class=\"fusion-separator fusion-full-width-sep\" style=\"margin-left: auto;margin-right: auto;width:100%;\"><div class=\"fusion-separator-border sep-single sep-solid\" style=\"--awb-height:20px;--awb-amount:20px;border-color:#e0dede;border-top-width:1px;\"><\/div><\/div><div class=\"fusion-sep-clear\"><\/div><div class=\"fusion-clearfix\"><\/div><\/div><\/div><div class=\"fusion-layout-column fusion_builder_column fusion-builder-column-4 fusion_builder_column_1_3 1_3 fusion-one-third fusion-column-first fusion-column-inner-bg-wrapper\" style=\"--awb-padding-top:3%;--awb-padding-right:3%;--awb-padding-bottom:3%;--awb-padding-left:3%;--awb-inner-bg-size:cover;width:33.3333333333%;width:calc(33.3333333333% - ( ( 4% + 4% ) * 0.333333333333 ) );margin-right: 4%;\"><span class=\"fusion-column-inner-bg hover-type-none\"><a class=\"fusion-column-anchor\" href=\"https:\/\/ranson-canniere.be\/fr\/la-boulangerie\/#_opmaat\"><span class=\"fusion-column-inner-bg-image\"><\/span><\/a><\/span><div class=\"fusion-column-wrapper fusion-column-has-shadow fusion-flex-column-wrapper-legacy\"><div class=\"fusion-fa-align-center\"><i class=\"fb-icon-element-1 fb-icon-element fontawesome-icon fa-calendar-alt far circle-yes\" style=\"--awb-circlebordercolor:#f7bc00;--awb-circlebordercolor-hover:#e30613;--awb-circlebordersize:0px;--awb-font-size:28.16px;--awb-width:56.32px;--awb-height:56.32px;--awb-line-height:56.32px;\"><\/i><\/div><div class=\"fusion-title title fusion-title-3 fusion-sep-none fusion-title-center fusion-title-text fusion-title-size-four\"><h4 class=\"fusion-title-heading title-heading-center\" style=\"margin:0;\">Emballage<\/h4><\/div><div class=\"fusion-text fusion-text-3\"><p>Pour chaque produit, vous avez le choix de l\u2019emballage. Nous livrons tant des produits en vrac que des produits pr\u00e9-emball\u00e9s pour \u00eatre facilement emport\u00e9s.<\/p>\n<\/div><div class=\"fusion-aligncenter\"><a class=\"fusion-button button-flat fusion-button-default-size button-custom fusion-button-default button-1 fusion-button-default-span align-button-container-bottom fusion-has-button-gradient\" style=\"--button_accent_color:#ffffff;--button_border_color:#e30613;--button_accent_hover_color:#000000;--button_border_hover_color:#f7bc00;--button_gradient_top_color:#e30613;--button_gradient_bottom_color:#cf0612;--button_gradient_top_color_hover:#f7bc00;--button_gradient_bottom_color_hover:#dfaa01;--button_text_transform:uppercase;\" target=\"_self\" href=\"https:\/\/ranson-canniere.be\/fr\/la-boulangerie\/#_opmaat\"><span class=\"fusion-button-text\">En savoir plus<\/span><\/a><\/div><div class=\"fusion-clearfix\"><\/div><\/div><\/div><div class=\"fusion-layout-column fusion_builder_column fusion-builder-column-5 fusion_builder_column_1_3 1_3 fusion-one-third fusion-column-inner-bg-wrapper\" style=\"--awb-padding-top:3%;--awb-padding-right:3%;--awb-padding-bottom:3%;--awb-padding-left:3%;--awb-inner-bg-size:cover;width:33.3333333333%;width:calc(33.3333333333% - ( ( 4% + 4% ) * 0.333333333333 ) );margin-right: 4%;\"><span class=\"fusion-column-inner-bg hover-type-none\"><a class=\"fusion-column-anchor\" href=\"https:\/\/ranson-canniere.be\/fr\/la-boulangerie\/#_grondstoffen\"><span class=\"fusion-column-inner-bg-image\"><\/span><\/a><\/span><div class=\"fusion-column-wrapper fusion-column-has-shadow fusion-flex-column-wrapper-legacy\"><div class=\"fusion-fa-align-center\"><i class=\"fb-icon-element-2 fb-icon-element fontawesome-icon fa-calendar-alt far circle-yes\" style=\"--awb-circlebordercolor:#f7bc00;--awb-circlebordercolor-hover:#e30613;--awb-circlebordersize:0px;--awb-font-size:28.16px;--awb-width:56.32px;--awb-height:56.32px;--awb-line-height:56.32px;\"><\/i><\/div><div class=\"fusion-title title fusion-title-4 fusion-sep-none fusion-title-center fusion-title-text fusion-title-size-four\"><h4 class=\"fusion-title-heading title-heading-center\" style=\"margin:0;\">L\u00e9ger<\/h4><\/div><div class=\"fusion-text fusion-text-4\"><p>Nos viennoiseries ne doivent pas seulement \u00eatre savoureuses mais \u00e9galement l\u00e9g\u00e8res. C&rsquo;est pourquoi nous vous offrons la m\u00eame qualit\u00e9 que la boulangerie du coin.<\/p>\n<\/div><div class=\"fusion-aligncenter\"><a class=\"fusion-button button-flat fusion-button-default-size button-custom fusion-button-default button-2 fusion-button-default-span align-button-container-bottom fusion-has-button-gradient\" style=\"--button_accent_color:#ffffff;--button_border_color:#e30613;--button_accent_hover_color:#000000;--button_border_hover_color:#f7bc00;--button_gradient_top_color:#e30613;--button_gradient_bottom_color:#cf0612;--button_gradient_top_color_hover:#f7bc00;--button_gradient_bottom_color_hover:#dfaa01;--button_text_transform:uppercase;\" target=\"_self\" href=\"https:\/\/ranson-canniere.be\/fr\/la-boulangerie\/#grondstoffen\"><span class=\"fusion-button-text\">En savoir plus<\/span><\/a><\/div><div class=\"fusion-clearfix\"><\/div><\/div><\/div><div class=\"fusion-layout-column fusion_builder_column fusion-builder-column-6 fusion_builder_column_1_3 1_3 fusion-one-third fusion-column-last fusion-column-inner-bg-wrapper\" style=\"--awb-padding-top:3%;--awb-padding-right:3%;--awb-padding-bottom:3%;--awb-padding-left:3%;--awb-inner-bg-size:cover;width:33.3333333333%;width:calc(33.3333333333% - ( ( 4% + 4% ) * 0.333333333333 ) );\"><span class=\"fusion-column-inner-bg hover-type-none\"><a class=\"fusion-column-anchor\" href=\"https:\/\/ranson-canniere.be\/fr\/la-boulangerie\/#_kwaliteit\"><span class=\"fusion-column-inner-bg-image\"><\/span><\/a><\/span><div class=\"fusion-column-wrapper fusion-column-has-shadow fusion-flex-column-wrapper-legacy\"><div class=\"fusion-fa-align-center\"><i class=\"fb-icon-element-3 fb-icon-element fontawesome-icon fa-calendar-alt far circle-yes\" style=\"--awb-circlebordercolor:#f7bc00;--awb-circlebordercolor-hover:#e30613;--awb-circlebordersize:0px;--awb-font-size:28.16px;--awb-width:56.32px;--awb-height:56.32px;--awb-line-height:56.32px;\"><\/i><\/div><div class=\"fusion-title title fusion-title-5 fusion-sep-none fusion-title-center fusion-title-text fusion-title-size-four\"><h4 class=\"fusion-title-heading title-heading-center\" style=\"margin:0;\">Frais du jour<\/h4><\/div><div class=\"fusion-text fusion-text-5\"><p>Comme pour nos pains et nos p\u00e2tisseries, nous garantissons chaque jour une fra\u00eecheur optimale pour nos petits pains et viennoiseries.<\/p>\n<\/div><div class=\"fusion-aligncenter\"><a class=\"fusion-button button-flat fusion-button-default-size button-custom fusion-button-default button-3 fusion-button-default-span align-button-container-bottom fusion-has-button-gradient\" style=\"--button_accent_color:#ffffff;--button_border_color:#e30613;--button_accent_hover_color:#000000;--button_border_hover_color:#f7bc00;--button_gradient_top_color:#e30613;--button_gradient_bottom_color:#cf0612;--button_gradient_top_color_hover:#f7bc00;--button_gradient_bottom_color_hover:#dfaa01;--button_text_transform:uppercase;\" target=\"_self\" href=\"https:\/\/ranson-canniere.be\/fr\/la-boulangerie\/#kwaliteit\"><span class=\"fusion-button-text\">En savoir plus<\/span><\/a><\/div><div class=\"fusion-clearfix\"><\/div><\/div><\/div><\/div><\/div><\/div><div class=\"fusion-fullwidth fullwidth-box fusion-builder-row-4 nonhundred-percent-fullwidth non-hundred-percent-height-scrolling\" style=\"--awb-border-radius-top-left:0px;--awb-border-radius-top-right:0px;--awb-border-radius-bottom-right:0px;--awb-border-radius-bottom-left:0px;--awb-padding-top:60px;--awb-padding-bottom:60px;--awb-flex-wrap:wrap;\" ><div class=\"fusion-builder-row fusion-row\"><div class=\"fusion-layout-column fusion_builder_column fusion-builder-column-7 fusion_builder_column_1_2 1_2 fusion-one-half fusion-column-first\" style=\"--awb-padding-top:20px;--awb-bg-size:cover;width:50%;width:calc(50% - ( ( 4% ) * 0.5 ) );margin-right: 4%;\"><div class=\"fusion-column-wrapper fusion-column-has-shadow fusion-flex-column-wrapper-legacy\"><div class=\"fusion-text fusion-text-6\"><h4>Fournisseur pains bagel et sandwicherie artisanal avec un large assortiment de petits pains frais<\/h4>\n<\/div><ul style=\"--awb-size:16px;--awb-line-height:27.2px;--awb-icon-width:27.2px;--awb-icon-height:27.2px;--awb-icon-margin:11.2px;--awb-content-margin:38.4px;\" class=\"fusion-checklist fusion-checklist-1 fusion-checklist-default type-icons\"><li class=\"fusion-li-item\" style=\"\"><span class=\"icon-wrapper circle-no\"><i class=\"fusion-li-icon fa-check fas\" aria-hidden=\"true\"><\/i><\/span><div class=\"fusion-li-item-content\">\n<p>Pistolets<\/p>\n<\/div><\/li><li class=\"fusion-li-item\" style=\"\"><span class=\"icon-wrapper circle-no\"><i class=\"fusion-li-icon fa-check fas\" aria-hidden=\"true\"><\/i><\/span><div class=\"fusion-li-item-content\">\n<p>Sandwiches<\/p>\n<\/div><\/li><li class=\"fusion-li-item\" style=\"\"><span class=\"icon-wrapper circle-no\"><i class=\"fusion-li-icon fa-check fas\" aria-hidden=\"true\"><\/i><\/span><div class=\"fusion-li-item-content\">\n<p>Piccolos<\/p>\n<\/div><\/li><li class=\"fusion-li-item\" style=\"\"><span class=\"icon-wrapper circle-no\"><i class=\"fusion-li-icon fa-check fas\" aria-hidden=\"true\"><\/i><\/span><div class=\"fusion-li-item-content\">\n<p>Petit pain blanc cuit mou<\/p>\n<\/div><\/li><li class=\"fusion-li-item\" style=\"\"><span class=\"icon-wrapper circle-no\"><i class=\"fusion-li-icon fa-check fas\" aria-hidden=\"true\"><\/i><\/span><div class=\"fusion-li-item-content\">\n<p>Baguettes<\/p>\n<\/div><\/li><li class=\"fusion-li-item\" style=\"\"><span class=\"icon-wrapper circle-no\"><i class=\"fusion-li-icon fa-check fas\" aria-hidden=\"true\"><\/i><\/span><div class=\"fusion-li-item-content\">\n<p>Et encore plus&#8230;<\/p>\n<\/div><\/li><\/ul><div class=\"fusion-clearfix\"><\/div><\/div><\/div><div class=\"fusion-layout-column fusion_builder_column fusion-builder-column-8 fusion_builder_column_1_2 1_2 fusion-one-half fusion-column-last\" style=\"--awb-padding-top:7%;--awb-padding-right:7%;--awb-padding-bottom:7%;--awb-padding-left:7%;--awb-bg-size:cover;--awb-border-color:#dddddd;--awb-border-top:3px;--awb-border-right:3px;--awb-border-bottom:3px;--awb-border-left:3px;--awb-border-style:solid;width:50%;width:calc(50% - ( ( 4% ) * 0.5 ) );\"><div class=\"fusion-column-wrapper fusion-column-has-shadow fusion-flex-column-wrapper-legacy\"><div class=\"fusion-column-content-centered\"><div class=\"fusion-column-content\"><div class=\"fusion-text fusion-text-7\"><h3 style=\"text-align: center;\">En savoir plus<\/h3>\n<\/div><div class=\"fusion-text fusion-text-8\"><h4 style=\"text-align: center;\">Nous sommes \u00e0 votre disposition pour r\u00e9pondre \u00e0 vos questions.<\/h4>\n<\/div><div class=\"fusion-text fusion-text-9\"><p style=\"text-align: center;\">Nous sommes \u00e0 votre disposition pour r\u00e9pondre \u00e0 vos questions. Nous vous ferons un plaisir de vous pr\u00e9senter personnellement notre vaste gamme de produits et de vous faire go\u00fbter nos plus grandes sp\u00e9cialit\u00e9s.<\/p>\n<p style=\"text-align: center;\">Et pour vous convaincre de la qualit\u00e9 de nos produits, vous \u00eates toujours le bienvenu chez nous.<\/p>\n<\/div><div class=\"fusion-aligncenter\"><a class=\"fusion-button button-flat fusion-button-default-size button-custom fusion-button-default button-4 fusion-button-default-span fusion-has-button-gradient\" style=\"--button_accent_color:#000000;--button_accent_hover_color:#ffffff;--button_border_hover_color:#e30613;--button_gradient_top_color:#f7bc00;--button_gradient_bottom_color:#dfaa01;--button_gradient_top_color_hover:#e30613;--button_gradient_bottom_color_hover:#cf0612;--button_text_transform:uppercase;\" target=\"_self\" href=\"https:\/\/ranson-canniere.be\/fr\/contact\/\"><i class=\"fa-calendar-check fas button-icon-left\" aria-hidden=\"true\"><\/i><span class=\"fusion-button-text\">Prendre rendez-vous<\/span><\/a><\/div><\/div><\/div><div class=\"fusion-clearfix\"><\/div><\/div><\/div><\/div><\/div><\/p>\n","protected":false},"excerpt":{"rendered":"","protected":false},"author":2,"featured_media":0,"parent":485,"menu_order":1,"comment_status":"closed","ping_status":"closed","template":"100-width.php","meta":{"footnotes":""},"class_list":["post-487","page","type-page","status-publish","hentry"],"yoast_head":"<!-- This site is optimized with the Yoast SEO plugin v24.8.1 - https:\/\/yoast.com\/wordpress\/plugins\/seo\/ -->\n<title>Grossiste en petits pains | Ranson-Canni\u00e8re | Fournisseur sandwicherie Belgique<\/title>\n<meta name=\"description\" content=\"Ranson Canni\u00e8re, fournisseur sandwicherie en Belgique \u2714 Large assortiment en pistolets, petits pains, bagels \u2714 Haute qualit\u00e9 \u2714 frais du jour \u2714 Pr\u00e9paration artisanale\" \/>\n<meta name=\"robots\" content=\"index, follow, max-snippet:-1, max-image-preview:large, max-video-preview:-1\" \/>\n<link rel=\"canonical\" href=\"https:\/\/ranson-canniere.be\/fr\/nos-produits\/petit-pain\/\" \/>\n<meta property=\"og:locale\" content=\"fr_FR\" \/>\n<meta property=\"og:type\" content=\"article\" \/>\n<meta property=\"og:title\" content=\"Grossiste en petits pains | Ranson-Canni\u00e8re | Fournisseur sandwicherie Belgique\" \/>\n<meta property=\"og:description\" content=\"Ranson Canni\u00e8re, fournisseur sandwicherie en Belgique \u2714 Large assortiment en pistolets, petits pains, bagels \u2714 Haute qualit\u00e9 \u2714 frais du jour \u2714 Pr\u00e9paration artisanale\" \/>\n<meta property=\"og:url\" content=\"https:\/\/ranson-canniere.be\/fr\/nos-produits\/petit-pain\/\" \/>\n<meta property=\"og:site_name\" content=\"Ranson Canni\u00e8re\" \/>\n<meta property=\"article:modified_time\" content=\"2022-07-19T06:32:40+00:00\" \/>\n<meta name=\"twitter:card\" content=\"summary_large_image\" \/>\n<meta name=\"twitter:label1\" content=\"Dur\u00e9e de lecture estim\u00e9e\" \/>\n\t<meta name=\"twitter:data1\" content=\"18 minutes\" \/>\n<script type=\"application\/ld+json\" class=\"yoast-schema-graph\">{\"@context\":\"https:\/\/schema.org\",\"@graph\":[{\"@type\":\"WebPage\",\"@id\":\"https:\/\/ranson-canniere.be\/fr\/nos-produits\/petit-pain\/\",\"url\":\"https:\/\/ranson-canniere.be\/fr\/nos-produits\/petit-pain\/\",\"name\":\"Grossiste en petits pains | Ranson-Canni\u00e8re | Fournisseur sandwicherie Belgique\",\"isPartOf\":{\"@id\":\"https:\/\/ranson-canniere.be\/fr\/#website\"},\"datePublished\":\"2019-10-07T14:41:35+00:00\",\"dateModified\":\"2022-07-19T06:32:40+00:00\",\"description\":\"Ranson Canni\u00e8re, fournisseur sandwicherie en Belgique \u2714 Large assortiment en pistolets, petits pains, bagels \u2714 Haute qualit\u00e9 \u2714 frais du jour \u2714 Pr\u00e9paration artisanale\",\"breadcrumb\":{\"@id\":\"https:\/\/ranson-canniere.be\/fr\/nos-produits\/petit-pain\/#breadcrumb\"},\"inLanguage\":\"fr-FR\",\"potentialAction\":[{\"@type\":\"ReadAction\",\"target\":[\"https:\/\/ranson-canniere.be\/fr\/nos-produits\/petit-pain\/\"]}]},{\"@type\":\"BreadcrumbList\",\"@id\":\"https:\/\/ranson-canniere.be\/fr\/nos-produits\/petit-pain\/#breadcrumb\",\"itemListElement\":[{\"@type\":\"ListItem\",\"position\":1,\"name\":\"Home\",\"item\":\"https:\/\/ranson-canniere.be\/fr\/\"},{\"@type\":\"ListItem\",\"position\":2,\"name\":\"Nos produits\",\"item\":\"https:\/\/ranson-canniere.be\/fr\/groothandel-bakkerijproducten\/\"},{\"@type\":\"ListItem\",\"position\":3,\"name\":\"Petit pain\"}]},{\"@type\":\"WebSite\",\"@id\":\"https:\/\/ranson-canniere.be\/fr\/#website\",\"url\":\"https:\/\/ranson-canniere.be\/fr\/\",\"name\":\"Ranson Canni\u00e8re\",\"description\":\"Industri\u00eble, artisanale bakkerij\",\"potentialAction\":[{\"@type\":\"SearchAction\",\"target\":{\"@type\":\"EntryPoint\",\"urlTemplate\":\"https:\/\/ranson-canniere.be\/fr\/?s={search_term_string}\"},\"query-input\":{\"@type\":\"PropertyValueSpecification\",\"valueRequired\":true,\"valueName\":\"search_term_string\"}}],\"inLanguage\":\"fr-FR\"}]}<\/script>\n<!-- \/ Yoast SEO plugin. -->","yoast_head_json":{"title":"Grossiste en petits pains | Ranson-Canni\u00e8re | Fournisseur sandwicherie Belgique","description":"Ranson Canni\u00e8re, fournisseur sandwicherie en Belgique \u2714 Large assortiment en pistolets, petits pains, bagels \u2714 Haute qualit\u00e9 \u2714 frais du jour \u2714 Pr\u00e9paration artisanale","robots":{"index":"index","follow":"follow","max-snippet":"max-snippet:-1","max-image-preview":"max-image-preview:large","max-video-preview":"max-video-preview:-1"},"canonical":"https:\/\/ranson-canniere.be\/fr\/nos-produits\/petit-pain\/","og_locale":"fr_FR","og_type":"article","og_title":"Grossiste en petits pains | Ranson-Canni\u00e8re | Fournisseur sandwicherie Belgique","og_description":"Ranson Canni\u00e8re, fournisseur sandwicherie en Belgique \u2714 Large assortiment en pistolets, petits pains, bagels \u2714 Haute qualit\u00e9 \u2714 frais du jour \u2714 Pr\u00e9paration artisanale","og_url":"https:\/\/ranson-canniere.be\/fr\/nos-produits\/petit-pain\/","og_site_name":"Ranson Canni\u00e8re","article_modified_time":"2022-07-19T06:32:40+00:00","twitter_card":"summary_large_image","twitter_misc":{"Dur\u00e9e de lecture estim\u00e9e":"18 minutes"},"schema":{"@context":"https:\/\/schema.org","@graph":[{"@type":"WebPage","@id":"https:\/\/ranson-canniere.be\/fr\/nos-produits\/petit-pain\/","url":"https:\/\/ranson-canniere.be\/fr\/nos-produits\/petit-pain\/","name":"Grossiste en petits pains | Ranson-Canni\u00e8re | Fournisseur sandwicherie Belgique","isPartOf":{"@id":"https:\/\/ranson-canniere.be\/fr\/#website"},"datePublished":"2019-10-07T14:41:35+00:00","dateModified":"2022-07-19T06:32:40+00:00","description":"Ranson Canni\u00e8re, fournisseur sandwicherie en Belgique \u2714 Large assortiment en pistolets, petits pains, bagels \u2714 Haute qualit\u00e9 \u2714 frais du jour \u2714 Pr\u00e9paration artisanale","breadcrumb":{"@id":"https:\/\/ranson-canniere.be\/fr\/nos-produits\/petit-pain\/#breadcrumb"},"inLanguage":"fr-FR","potentialAction":[{"@type":"ReadAction","target":["https:\/\/ranson-canniere.be\/fr\/nos-produits\/petit-pain\/"]}]},{"@type":"BreadcrumbList","@id":"https:\/\/ranson-canniere.be\/fr\/nos-produits\/petit-pain\/#breadcrumb","itemListElement":[{"@type":"ListItem","position":1,"name":"Home","item":"https:\/\/ranson-canniere.be\/fr\/"},{"@type":"ListItem","position":2,"name":"Nos produits","item":"https:\/\/ranson-canniere.be\/fr\/groothandel-bakkerijproducten\/"},{"@type":"ListItem","position":3,"name":"Petit pain"}]},{"@type":"WebSite","@id":"https:\/\/ranson-canniere.be\/fr\/#website","url":"https:\/\/ranson-canniere.be\/fr\/","name":"Ranson Canni\u00e8re","description":"Industri\u00eble, artisanale bakkerij","potentialAction":[{"@type":"SearchAction","target":{"@type":"EntryPoint","urlTemplate":"https:\/\/ranson-canniere.be\/fr\/?s={search_term_string}"},"query-input":{"@type":"PropertyValueSpecification","valueRequired":true,"valueName":"search_term_string"}}],"inLanguage":"fr-FR"}]}},"_links":{"self":[{"href":"https:\/\/ranson-canniere.be\/fr\/wp-json\/wp\/v2\/pages\/487","targetHints":{"allow":["GET"]}}],"collection":[{"href":"https:\/\/ranson-canniere.be\/fr\/wp-json\/wp\/v2\/pages"}],"about":[{"href":"https:\/\/ranson-canniere.be\/fr\/wp-json\/wp\/v2\/types\/page"}],"author":[{"embeddable":true,"href":"https:\/\/ranson-canniere.be\/fr\/wp-json\/wp\/v2\/users\/2"}],"replies":[{"embeddable":true,"href":"https:\/\/ranson-canniere.be\/fr\/wp-json\/wp\/v2\/comments?post=487"}],"version-history":[{"count":0,"href":"https:\/\/ranson-canniere.be\/fr\/wp-json\/wp\/v2\/pages\/487\/revisions"}],"up":[{"embeddable":true,"href":"https:\/\/ranson-canniere.be\/fr\/wp-json\/wp\/v2\/pages\/485"}],"wp:attachment":[{"href":"https:\/\/ranson-canniere.be\/fr\/wp-json\/wp\/v2\/media?parent=487"}],"curies":[{"name":"wp","href":"https:\/\/api.w.org\/{rel}","templated":true}]}}